{"id":2653,"date":"2016-03-10T06:07:45","date_gmt":"2016-03-10T05:07:45","guid":{"rendered":"http:\/\/www.osttirol-info.at\/?page_id=2653"},"modified":"2023-04-01T01:06:32","modified_gmt":"2023-03-31T23:06:32","slug":"impressum","status":"publish","type":"page","link":"https:\/\/www.osttirol-info.at\/en\/impressum","title":{"rendered":"Impressum"},"content":{"rendered":"<p class=\"qtranxs-available-languages-message qtranxs-available-languages-message-en\">Sorry, this entry is only available in <a href=\"https:\/\/www.osttirol-info.at\/de\/wp-json\/wp\/v2\/pages\/2653\" class=\"qtranxs-available-language-link qtranxs-available-language-link-de\" title=\"Deutsch\">Deutsch<\/a>.<\/p><p><strong>F\u00fcr den Inhalt verantwortlich:<\/strong><\/p>\n<p>Studio 20four<br \/>\nA-9900 Lienz, Franz von Defregger-Stra\u00dfe 8<br \/>\nTel +43 676 770 41 41<br \/>\n<a href=\"&#x6d;a&#x69;&#108;&#x74;&#111;&#x3a;&#x68;e&#x6c;&#108;&#x6f;&#64;&#x73;&#116;u&#x64;&#105;&#x6f;&#50;&#x30;&#102;o&#x75;&#114;&#x2e;&#97;&#x74;\">&#x68;&#101;&#108;l&#x6f;&#x40;&#115;t&#x75;&#x64;&#105;o2&#x30;&#102;&#111;u&#x72;&#x2e;&#97;t<\/a><\/p>\n<p>&nbsp;<\/p>\n<p><strong>Haftung:<\/strong><br \/>\nS\u00e4mtliche Inhalte wurden sorgf\u00e4ltig gepr\u00fcft. Dessen ungeachtet kann keine Garantie f\u00fcr Richtigkeit, Vollst\u00e4ndigkeit und Aktualit\u00e4t der Angaben \u00fcbernommen werden.<\/p>\n<p><strong>Links:<\/strong><br \/>\nLinks auf diese Website sind erw\u00fcnscht, soweit sie als externe Links gef\u00fchrt werden und jeweils ganze Seiten (inkl. Navigationsframe) wiedergegeben werden. Eine \u00dcbernahme des Hauptfensters in einen Frame des Linksetzers ist unzul\u00e4ssig. Eigene Links auf fremde Seiten stellen nur Wegweiser zu diesen Seiten dar; sie werden deshalb regelm\u00e4\u00dfig mittels externem Link in einem eigenen Browserfenster dargestellt. Der Herausgeber identifiziert sich nicht mit dem Inhalt der Seiten, auf die verwiesen wird und \u00fcbernimmt daf\u00fcr keine Haftung. Sollte eine der Seiten, auf die verwiesen wird, bedenkliche Inhalte aufweisen, wird um Mitteilung ersucht; in so einem Falle wird der Link sofort gel\u00f6scht.<\/p>\n<p><span class=\"weiss\"><strong>Konzept &amp; Design:<\/strong><a href=\"https:\/\/www.studio20four.at\" target=\"_blank\" rel=\"noopener\"><br \/>\nStudio 20four<\/a><\/span><\/p>\n<p><span class=\"weiss\"><strong>Programmierung:<br \/>\n<\/strong><\/span><span class=\"weiss\"><a href=\"http:\/\/www.semu-design.at\" target=\"_blank\" rel=\"noopener\">SEMU-Design<\/a><\/span><\/p>\n<p><strong>Fotos:<br \/>\n<\/strong>Profer &amp; Partner, Nationalparkverwaltung\/Lammerhuber, Peter Gruber, Walter Mair, Grafik Zloebl, Marco Toniolo, Thomas B\/Pichler, Dr. Retter, Archive der Infob\u00fcros und der einzelnen Anbieter, TVB Osttirol, Mario\/Imst, EXPA\/Groder, Photo Dina Mariner, Lugger Martin, Retter Wolfgang und Klammer Thomas.<\/p>","protected":false},"excerpt":{"rendered":"<p>Sorry, this entry is only available in Deutsch.F\u00fcr den Inhalt&hellip;<\/p>\n","protected":false},"author":1,"featured_media":0,"parent":0,"menu_order":20,"comment_status":"closed","ping_status":"closed","template":"","meta":{"_acf_changed":false,"footnotes":""},"class_list":["post-2653","page","type-page","status-publish","hentry"],"acf":[],"yoast_head":"<!-- This site is optimized with the Yoast SEO plugin v27.1.1 - https:\/\/yoast.com\/product\/yoast-seo-wordpress\/ -->\n<title>Impressum - osttirol-info.at<\/title>\n<meta name=\"robots\" content=\"index, follow, max-snippet:-1, max-image-preview:large, max-video-preview:-1\" \/>\n<link rel=\"canonical\" href=\"https:\/\/www.osttirol-info.at\/en\/impressum\" \/>\n<meta property=\"og:locale\" content=\"en_US\" \/>\n<meta property=\"og:type\" content=\"article\" \/>\n<meta property=\"og:title\" content=\"Impressum - osttirol-info.at\" \/>\n<meta property=\"og:description\" content=\"Sorry, this entry is only available in Deutsch.F\u00fcr den Inhalt&hellip;\" \/>\n<meta property=\"og:url\" content=\"https:\/\/www.osttirol-info.at\/en\/impressum\" \/>\n<meta property=\"og:site_name\" content=\"osttirol-info.at\" \/>\n<meta property=\"article:modified_time\" content=\"2023-03-31T23:06:32+00:00\" \/>\n<meta name=\"twitter:card\" content=\"summary_large_image\" \/>\n<meta name=\"twitter:label1\" content=\"Est. reading time\" \/>\n\t<meta name=\"twitter:data1\" content=\"2 minutes\" \/>\n<script type=\"application\/ld+json\" class=\"yoast-schema-graph\">{\"@context\":\"https:\/\/schema.org\",\"@graph\":[{\"@type\":\"WebPage\",\"@id\":\"https:\/\/www.osttirol-info.at\/en\/impressum\",\"url\":\"https:\/\/www.osttirol-info.at\/en\/impressum\",\"name\":\"Impressum - osttirol-info.at\",\"isPartOf\":{\"@id\":\"https:\/\/www.osttirol-info.at\/en\/#website\"},\"datePublished\":\"2016-03-10T05:07:45+00:00\",\"dateModified\":\"2023-03-31T23:06:32+00:00\",\"breadcrumb\":{\"@id\":\"https:\/\/www.osttirol-info.at\/en\/impressum#breadcrumb\"},\"inLanguage\":\"en-US\",\"potentialAction\":[{\"@type\":\"ReadAction\",\"target\":[[\"https:\/\/www.osttirol-info.at\/en\/impressum\"]]}]},{\"@type\":\"BreadcrumbList\",\"@id\":\"https:\/\/www.osttirol-info.at\/en\/impressum#breadcrumb\",\"itemListElement\":[{\"@type\":\"ListItem\",\"position\":1,\"name\":\"osttirol-info.at\",\"item\":\"https:\/\/www.osttirol-info.at\/en\/\"},{\"@type\":\"ListItem\",\"position\":2,\"name\":\"Impressum\"}]},{\"@type\":\"WebSite\",\"@id\":\"https:\/\/www.osttirol-info.at\/en\/#website\",\"url\":\"https:\/\/www.osttirol-info.at\/en\/\",\"name\":\"osttirol-info.at\",\"description\":\"Die sch\u00f6nsten Seiten Osttirols\",\"potentialAction\":[{\"@type\":\"SearchAction\",\"target\":{\"@type\":\"EntryPoint\",\"urlTemplate\":\"https:\/\/www.osttirol-info.at\/en\/?s={search_term_string}\"},\"query-input\":{\"@type\":\"PropertyValueSpecification\",\"valueRequired\":true,\"valueName\":\"search_term_string\"}}],\"inLanguage\":\"en-US\"}]}<\/script>\n<!-- \/ Yoast SEO plugin. -->","yoast_head_json":{"title":"Impressum - osttirol-info.at","robots":{"index":"index","follow":"follow","max-snippet":"max-snippet:-1","max-image-preview":"max-image-preview:large","max-video-preview":"max-video-preview:-1"},"canonical":"https:\/\/www.osttirol-info.at\/en\/impressum","og_locale":"en_US","og_type":"article","og_title":"Impressum - osttirol-info.at","og_description":"Sorry, this entry is only available in Deutsch.F\u00fcr den Inhalt&hellip;","og_url":"https:\/\/www.osttirol-info.at\/en\/impressum","og_site_name":"osttirol-info.at","article_modified_time":"2023-03-31T23:06:32+00:00","twitter_card":"summary_large_image","twitter_misc":{"Est. reading time":"2 minutes"},"schema":{"@context":"https:\/\/schema.org","@graph":[{"@type":"WebPage","@id":"https:\/\/www.osttirol-info.at\/en\/impressum","url":"https:\/\/www.osttirol-info.at\/en\/impressum","name":"Impressum - osttirol-info.at","isPartOf":{"@id":"https:\/\/www.osttirol-info.at\/en\/#website"},"datePublished":"2016-03-10T05:07:45+00:00","dateModified":"2023-03-31T23:06:32+00:00","breadcrumb":{"@id":"https:\/\/www.osttirol-info.at\/en\/impressum#breadcrumb"},"inLanguage":"en-US","potentialAction":[{"@type":"ReadAction","target":[["https:\/\/www.osttirol-info.at\/en\/impressum"]]}]},{"@type":"BreadcrumbList","@id":"https:\/\/www.osttirol-info.at\/en\/impressum#breadcrumb","itemListElement":[{"@type":"ListItem","position":1,"name":"osttirol-info.at","item":"https:\/\/www.osttirol-info.at\/en\/"},{"@type":"ListItem","position":2,"name":"Impressum"}]},{"@type":"WebSite","@id":"https:\/\/www.osttirol-info.at\/en\/#website","url":"https:\/\/www.osttirol-info.at\/en\/","name":"osttirol-info.at","description":"Die sch\u00f6nsten Seiten Osttirols","potentialAction":[{"@type":"SearchAction","target":{"@type":"EntryPoint","urlTemplate":"https:\/\/www.osttirol-info.at\/en\/?s={search_term_string}"},"query-input":{"@type":"PropertyValueSpecification","valueRequired":true,"valueName":"search_term_string"}}],"inLanguage":"en-US"}]}},"_links":{"self":[{"href":"https:\/\/www.osttirol-info.at\/en\/wp-json\/wp\/v2\/pages\/2653","targetHints":{"allow":["GET"]}}],"collection":[{"href":"https:\/\/www.osttirol-info.at\/en\/wp-json\/wp\/v2\/pages"}],"about":[{"href":"https:\/\/www.osttirol-info.at\/en\/wp-json\/wp\/v2\/types\/page"}],"author":[{"embeddable":true,"href":"https:\/\/www.osttirol-info.at\/en\/wp-json\/wp\/v2\/users\/1"}],"replies":[{"embeddable":true,"href":"https:\/\/www.osttirol-info.at\/en\/wp-json\/wp\/v2\/comments?post=2653"}],"version-history":[{"count":6,"href":"https:\/\/www.osttirol-info.at\/en\/wp-json\/wp\/v2\/pages\/2653\/revisions"}],"predecessor-version":[{"id":5940,"href":"https:\/\/www.osttirol-info.at\/en\/wp-json\/wp\/v2\/pages\/2653\/revisions\/5940"}],"wp:attachment":[{"href":"https:\/\/www.osttirol-info.at\/en\/wp-json\/wp\/v2\/media?parent=2653"}],"curies":[{"name":"wp","href":"https:\/\/api.w.org\/{rel}","templated":true}]}}